{"id":1277,"date":"2020-10-02T11:39:33","date_gmt":"2020-10-02T09:39:33","guid":{"rendered":"https:\/\/www.centroformazione.net\/it\/?page_id=1277"},"modified":"2021-09-13T13:05:10","modified_gmt":"2021-09-13T11:05:10","slug":"protocollo-di-regolamentazione-delle-misure-per-il-contrasto-e-il-contenimento-della-diffusione-del-virus-covid-19-negli-ambienti-dedicati-alla-formazione-professionale","status":"publish","type":"page","link":"https:\/\/www.centroformazione.net\/it\/protocollo-di-regolamentazione-delle-misure-per-il-contrasto-e-il-contenimento-della-diffusione-del-virus-covid-19-negli-ambienti-dedicati-alla-formazione-professionale\/","title":{"rendered":"Protocollo di regolamentazione delle misure per il contrasto e il contenimento della diffusione del virus Covid-19 negli ambienti dedicati alla formazione professionale"},"content":{"rendered":"<div class=\"fusion-fullwidth fullwidth-box fusion-builder-row-1 nonhundred-percent-fullwidth non-hundred-percent-height-scrolling\" style=\"--awb-border-radius-top-left:0px;--awb-border-radius-top-right:0px;--awb-border-radius-bottom-right:0px;--awb-border-radius-bottom-left:0px;--awb-flex-wrap:wrap;\" ><div class=\"fusion-builder-row fusion-row\"><div class=\"fusion-layout-column fusion_builder_column fusion-builder-column-0 fusion_builder_column_1_1 1_1 fusion-one-full fusion-column-first fusion-column-last\" style=\"--awb-bg-size:cover;\"><div class=\"fusion-column-wrapper fusion-column-has-shadow fusion-flex-column-wrapper-legacy\"><div class=\"fusion-title title fusion-title-1 fusion-sep-none fusion-title-text fusion-title-size-one\"><h1 class=\"fusion-title-heading title-heading-left\" style=\"margin:0;\"><h1 style=\"text-align: center;\"><strong>Protocollo di regolamentazione delle misure per il contrasto e il contenimento della diffusione del virus Covid-19 negli ambienti dedicati alla formazione professionale<\/strong><\/h1><\/h1><\/div><div class=\"fusion-title title fusion-title-2 fusion-sep-none fusion-title-text fusion-title-size-one\" style=\"--awb-margin-top:30px;--awb-margin-bottom:5px;\"><h1 class=\"fusion-title-heading title-heading-left\" style=\"margin:0;\"><h2 style=\"text-align: left;\"><strong>SCOPO<\/strong><\/h2><\/h1><\/div><div class=\"fusion-text fusion-text-1\"><p>L\u2019obiettivo del presente documento \u00e8 fornire indicazioni operative finalizzate ad incrementare l\u2019efficacia delle misure precauzionali di contenimento adottate per contrastare l\u2019epidemia di COVID-19 nell\u2019ambito dell\u2019attivit\u00e0 di erogazione della formazione professionale.<\/p>\n<p><strong>E\u2019 obbligatorio il rispetto del presente Protocollo da parte di tutti coloro che partecipano a qualsiasi titolo ad attivit\u00e0 dell\u2019Organismo di Formazione.<\/strong><\/p>\n<p>Il presente protocollo \u00e8 basato sulle indicazioni istituzionali e sar\u00e0 suscettibile di modifiche, in base all\u2019evoluzione degli scenari e alle disposizioni\/indicazioni emanate dalle autorit\u00e0.<\/p>\n<\/div><div class=\"fusion-title title fusion-title-3 fusion-sep-none fusion-title-text fusion-title-size-one\" style=\"--awb-margin-top:30px;--awb-margin-bottom:5px;\"><h1 class=\"fusion-title-heading title-heading-left\" style=\"margin:0;\"><h2 style=\"text-align: left;\"><strong>INFORMAZIONE<\/strong><\/h2><\/h1><\/div><div class=\"fusion-text fusion-text-2\"><p>L\u2019Organismo di formazione col presente documento informa sulle seguenti misure di prevenzione:<\/p>\n<ul>\n<li>obbligo di rimanere al proprio domicilio in presenza di febbre (oltre 37.5\u00b0) o altri sintomi influenzali;<\/li>\n<li>non accedere e non permanere nei locali dedicati alla formazione professionale e dichiarare tempestivamente qualora sussistano le condizioni di pericolo (sintomi di influenza, temperatura, provenienza da zone a rischio o contatto con persone positive al virus nei 14 giorni precedenti, etc.) e nei casi in cui i provvedimenti dell\u2019Autorit\u00e0 impongono di rimanere al proprio domicilio;<\/li>\n<li>l\u2019impegno a rispettare tutte le disposizioni delle Autorit\u00e0 e dell\u2019Organismo di Formazione nel fare accesso nei locali dedicati alla formazione professionale (in particolare, mantenere la distanza di sicurezza, osservare le regole di igiene delle mani, tenere comportamenti corretti sul piano dell\u2019igiene, uso delle mascherine);<\/li>\n<li>l\u2019impegno a informare tempestivamente e responsabilmente il personale dell\u2019Organismo di Formazione della presenza di qualsiasi sintomo influenzale durante lo svolgimento del corso, avendo cura di rimanere ad adeguata distanza dalle persone presenti e mantenendo i Dispositivi di Protezione Individuale indossati.<\/li>\n<\/ul>\n<\/div><div class=\"fusion-title title fusion-title-4 fusion-sep-none fusion-title-text fusion-title-size-one\" style=\"--awb-margin-top:30px;--awb-margin-bottom:5px;\"><h1 class=\"fusion-title-heading title-heading-left\" style=\"margin:0;\"><h2 style=\"text-align: left;\"><strong>MODALIT\u00c0 DI ACCESSO DEI PARTECIPANTI AI CORSI<\/strong><\/h2><\/h1><\/div><div class=\"fusion-text fusion-text-3\"><p>Per i partecipanti ai corsi rimangono valide le indicazioni per la circolazione della popolazione tra cui:<\/p>\n<ul>\n<li>divieto, da parte di chi ha sintomi quali febbre (maggiore di 37,5 \u00b0C), tosse, raffreddore, di spostarsi dal proprio domicilio;<\/li>\n<li>Divieto di spostarsi dal proprio domicilio a lavoratori che negli ultimi 14 giorni, abbiano avuto contatti con soggetti risultati positivi al COVID-19;<\/li>\n<li>Divieto di spostarsi dal proprio domicilio a lavoratori che negli ultimi 14 giorni, provengano da zone a rischio secondo le indicazioni dell\u2019OMS.<\/li>\n<li>Obbligo di utilizzare esclusivamente i propri strumenti di lavoro (es. penne, telefono, tablet, attrezzature manuali o elettriche necessarie allo svolgimento dell\u2019attivit\u00e0, etc). \u00c8 quindi vietato scambiare con altri lavoratori gli strumenti di lavoro.<\/li>\n<\/ul>\n<\/div><div class=\"fusion-title title fusion-title-5 fusion-sep-none fusion-title-text fusion-title-size-one\" style=\"--awb-margin-top:30px;--awb-margin-bottom:5px;\"><h1 class=\"fusion-title-heading title-heading-left\" style=\"margin:0;\"><h2 style=\"text-align: left;\"><strong>PRECAUZIONI IGIENICHE PERSONALI<\/strong><\/h2><\/h1><\/div><div class=\"fusion-text fusion-text-4\"><ul>\n<li>\u00c8 obbligatorio che le persone presenti adottino tutte le precauzioni igieniche, in particolare per le mani.<\/li>\n<li>\u00c8 raccomandata la frequente pulizia delle mani con l&#8217;utilizzo di detergenti per le mani quali sapone, soluzioni idroalcoliche per il lavaggio delle mani, messi a disposizione dall&#8217;Organizzazione.<\/li>\n<li>Obbligo per i lavoratori e gli esterni di osservare le misure igienico-sanitarie indicate dalle autorit\u00e0. Pertanto si raccomanda di tenersi aggiornati sui siti ufficiali.<\/li>\n<\/ul>\n<\/div><div class=\"fusion-title title fusion-title-6 fusion-sep-none fusion-title-text fusion-title-size-one\" style=\"--awb-margin-top:30px;--awb-margin-bottom:5px;\"><h1 class=\"fusion-title-heading title-heading-left\" style=\"margin:0;\"><h2 style=\"text-align: left;\"><strong>GESTIONE SPAZI COMUNI<\/strong><\/h2><\/h1><\/div><div class=\"fusion-text fusion-text-5\"><p>L\u2019accesso agli spazi comuni, alle aree di attesa, al locale ristoro \u00e8 contingentato, con la previsione di una ventilazione o aerazione continua dei locali, di un tempo ridotto di sosta all\u2019interno di tali spazi e con il mantenimento della distanza interpersonale di sicurezza di 1 metro tra le persone che li occupano.<\/p>\n<p>In particolare:<\/p>\n<ul>\n<li style=\"list-style-type: none;\">\n<ul>\n<li>All\u2019interno dell\u2019antibagno \u00e8 consentito l\u2019accesso di una persona per volta. Qualora ci si dovesse incrociare nelle fasi di entrata\/uscita, si dovr\u00e0 mantenere la distanza di un metro oltre che l\u2019uso della maschera facciale.<\/li>\n<li>L\u2019accesso alle aree distributori di bevande \u00e8 consentito nel rispetto della distanza di sicurezza interpersonale di 1 metro ed \u00e8 vietato trattenersi nei momenti successivi alla conclusione della consumazione.<\/li>\n<li>Prima e dopo l\u2019utilizzo dei distributori automatici \u00e8 obbligatorio disinfettare le mani con soluzioni disinfettanti.<\/li>\n<li>Divieto di assembramento nelle aree esterne della Sede e obbligo al mantenimento della distanza di sicurezza interpersonale di almeno 1 metro tra i presenti.<\/li>\n<li>Le pause break sono differenziate in modo da evitare assembramenti.<\/li>\n<li>E\u2019 effettuata la sanificazione periodica e la pulizia giornaliera, con appositi detergenti, delle tastiere dei distributori di bevande e snack, delle maniglie delle porte, dei corrimani e delle porte di accesso all\u2019edificio.<\/li>\n<li>Nell\u2019uso degli spazi comuni i presenti si dovranno comunque posizionare in modo da rispettare la distanza interpersonale di almeno 1 metro, garantendo la ventilazione del locale e indossando maschera facciale.<\/li>\n<\/ul>\n<\/li>\n<\/ul>\n<\/div><div class=\"fusion-title title fusion-title-7 fusion-sep-none fusion-title-text fusion-title-size-one\" style=\"--awb-margin-top:30px;--awb-margin-bottom:5px;\"><h1 class=\"fusion-title-heading title-heading-left\" style=\"margin:0;\"><h2 style=\"text-align: left;\"><strong>FORMAZIONE PROFESSIONALE<\/strong><\/h2><\/h1><\/div><div class=\"fusion-text fusion-text-6\"><p>Le indicazioni sotto riportate si applicano alle attivit\u00e0 formative da realizzare nei diversi contesti (aula, laboratori e aziende) compresi gli esami finali (teorici e\/o pratici), le attivit\u00e0 di verifica, di accompagnamento, tutoraggio e orientamento in\u00a0 gruppo e\u00a0 individuali.<\/p>\n<p>L\u2019Organismo di Formazione, per il contrasto e il contenimento della diffusione del virus Covid-19 durante le attivit\u00e0 di formazione professionale, ha messo in atto le seguenti misure:<\/p>\n<ul>\n<li>Ha previsto l\u2019ipotesi che sia rilevata la temperatura corporea, impedendo l&#8217;accesso in aula o alla sede dell&#8217;attivit\u00e0 formativa in caso di temperatura &gt; 37,5 \u00b0C.<\/li>\n<li>Ha messo a disposizione idonei mezzi detergenti per le mani quali sapone, soluzioni idroalcoliche per il lavaggio delle mani.<\/li>\n<li>Mantiene l&#8217;elenco dei soggetti che hanno partecipato alle attivit\u00e0 per un periodo di almeno 14 giorni, al fine di consentire alle strutture sanitarie competenti di individuare eventuali contatti.<\/li>\n<li>Privilegia, laddove possibile, l&#8217;organizzazione delle attivit\u00e0 in gruppi il pi\u00f9 possibile omogenei (es. utenti frequentanti il medesimo intervento, utenti della stessa azienda) e solo in subordine organizza attivit\u00e0 per gruppi promiscui;<\/li>\n<li>Laddove possibile, con particolare riferimento alle esercitazioni pratiche, privilegia l&#8217;utilizzo degli spazi esterni.<\/li>\n<li>Gli spazi destinati all&#8217;attivit\u00e0 sono organizzati in modo da assicurare il mantenimento di almeno 1 metro di separazione tra gli utenti.<\/li>\n<li>Tutti gli utenti (docenti, discenti, tutor d&#8217;aula ecc.), considerata la condivisione prolungata del medesimo ambiente, devono indossare la mascherina a protezione delle vie respiratorie per tutta la durata delle attivit\u00e0 e procedere ad una frequente igiene delle mani con prodotti igienizzanti. Nel caso dei docenti, \u00e8 possibile fare ricorso ad una visiera trasparente. Resta inteso che nelle attivit\u00e0 pratiche dovranno essere utilizzati, se previsti, gli ordinari dispositivi di protezione individuale associati ai rischi della singola attivit\u00e0.<\/li>\n<li>Effettua la regolare pulizia e disinfezione degli ambienti, in ogni caso al termine di ogni attivit\u00e0 di un gruppo di utenti, con particolare attenzione alle superfici pi\u00f9 frequentemente toccate, ai servizi igienici e alle parti comuni (es. aree ristoro, tastiere dei distributori automatici di bevande e snack).<\/li>\n<li>Qualora la specifica attivit\u00e0 o attrezzatura preveda l&#8217;utilizzo frequente e condiviso da parte di pi\u00f9 soggetti, gli utenti dovranno procedere alla pulizia e disinfezione frequente delle mani o dei guanti.<\/li>\n<li>Favorisce il ricambio d&#8217;aria negli ambienti interni.<\/li>\n<li>Per gli impianti di condizionamento viene esclusa totalmente la funzione di ricircolo dell&#8217;aria. In ogni caso viene effettuato il frequente ricambio d&#8217;aria naturale e\/o attraverso l&#8217;impianto, e la pulizia dei filtri dell&#8217;aria di ricircolo per mantenere i livelli di filtrazione\/rimozione adeguati.<\/li>\n<\/ul>\n<\/div><div class=\"fusion-clearfix\"><\/div><\/div><\/div><\/div><\/div>\n","protected":false},"excerpt":{"rendered":"","protected":false},"author":1,"featured_media":0,"parent":0,"menu_order":0,"comment_status":"closed","ping_status":"closed","template":"","meta":{"footnotes":""},"class_list":["post-1277","page","type-page","status-publish","hentry"],"yoast_head":"<!-- This site is optimized with the Yoast SEO plugin v24.2 - https:\/\/yoast.com\/wordpress\/plugins\/seo\/ -->\n<title>Protocollo di regolamentazione delle misure per il contrasto e il contenimento della diffusione del virus Covid-19 negli ambienti dedicati alla formazione professionale - Centro Formazione<\/title>\n<meta name=\"robots\" content=\"index, follow, max-snippet:-1, max-image-preview:large, max-video-preview:-1\" \/>\n<link rel=\"canonical\" href=\"https:\/\/www.centroformazione.net\/it\/protocollo-di-regolamentazione-delle-misure-per-il-contrasto-e-il-contenimento-della-diffusione-del-virus-covid-19-negli-ambienti-dedicati-alla-formazione-professionale\/\" \/>\n<meta property=\"og:locale\" content=\"it_IT\" \/>\n<meta property=\"og:type\" content=\"article\" \/>\n<meta property=\"og:title\" content=\"Protocollo di regolamentazione delle misure per il contrasto e il contenimento della diffusione del virus Covid-19 negli ambienti dedicati alla formazione professionale - Centro Formazione\" \/>\n<meta property=\"og:url\" content=\"https:\/\/www.centroformazione.net\/it\/protocollo-di-regolamentazione-delle-misure-per-il-contrasto-e-il-contenimento-della-diffusione-del-virus-covid-19-negli-ambienti-dedicati-alla-formazione-professionale\/\" \/>\n<meta property=\"og:site_name\" content=\"Centro Formazione\" \/>\n<meta property=\"article:modified_time\" content=\"2021-09-13T11:05:10+00:00\" \/>\n<meta name=\"twitter:card\" content=\"summary_large_image\" \/>\n<meta name=\"twitter:label1\" content=\"Tempo di lettura stimato\" \/>\n\t<meta name=\"twitter:data1\" content=\"7 minuti\" \/>\n<script type=\"application\/ld+json\" class=\"yoast-schema-graph\">{\"@context\":\"https:\/\/schema.org\",\"@graph\":[{\"@type\":\"WebPage\",\"@id\":\"https:\/\/www.centroformazione.net\/it\/protocollo-di-regolamentazione-delle-misure-per-il-contrasto-e-il-contenimento-della-diffusione-del-virus-covid-19-negli-ambienti-dedicati-alla-formazione-professionale\/\",\"url\":\"https:\/\/www.centroformazione.net\/it\/protocollo-di-regolamentazione-delle-misure-per-il-contrasto-e-il-contenimento-della-diffusione-del-virus-covid-19-negli-ambienti-dedicati-alla-formazione-professionale\/\",\"name\":\"Protocollo di regolamentazione delle misure per il contrasto e il contenimento della diffusione del virus Covid-19 negli ambienti dedicati alla formazione professionale - Centro Formazione\",\"isPartOf\":{\"@id\":\"https:\/\/www.centroformazione.net\/it\/#website\"},\"datePublished\":\"2020-10-02T09:39:33+00:00\",\"dateModified\":\"2021-09-13T11:05:10+00:00\",\"breadcrumb\":{\"@id\":\"https:\/\/www.centroformazione.net\/it\/protocollo-di-regolamentazione-delle-misure-per-il-contrasto-e-il-contenimento-della-diffusione-del-virus-covid-19-negli-ambienti-dedicati-alla-formazione-professionale\/#breadcrumb\"},\"inLanguage\":\"it-IT\",\"potentialAction\":[{\"@type\":\"ReadAction\",\"target\":[\"https:\/\/www.centroformazione.net\/it\/protocollo-di-regolamentazione-delle-misure-per-il-contrasto-e-il-contenimento-della-diffusione-del-virus-covid-19-negli-ambienti-dedicati-alla-formazione-professionale\/\"]}]},{\"@type\":\"BreadcrumbList\",\"@id\":\"https:\/\/www.centroformazione.net\/it\/protocollo-di-regolamentazione-delle-misure-per-il-contrasto-e-il-contenimento-della-diffusione-del-virus-covid-19-negli-ambienti-dedicati-alla-formazione-professionale\/#breadcrumb\",\"itemListElement\":[{\"@type\":\"ListItem\",\"position\":1,\"name\":\"Home\",\"item\":\"https:\/\/www.centroformazione.net\/it\/\"},{\"@type\":\"ListItem\",\"position\":2,\"name\":\"Protocollo di regolamentazione delle misure per il contrasto e il contenimento della diffusione del virus Covid-19 negli ambienti dedicati alla formazione professionale\"}]},{\"@type\":\"WebSite\",\"@id\":\"https:\/\/www.centroformazione.net\/it\/#website\",\"url\":\"https:\/\/www.centroformazione.net\/it\/\",\"name\":\"Centro Formazione\",\"description\":\"Il sito di Centro di Formazione STS dedicato alla FAD\",\"publisher\":{\"@id\":\"https:\/\/www.centroformazione.net\/it\/#organization\"},\"potentialAction\":[{\"@type\":\"SearchAction\",\"target\":{\"@type\":\"EntryPoint\",\"urlTemplate\":\"https:\/\/www.centroformazione.net\/it\/?s={search_term_string}\"},\"query-input\":{\"@type\":\"PropertyValueSpecification\",\"valueRequired\":true,\"valueName\":\"search_term_string\"}}],\"inLanguage\":\"it-IT\"},{\"@type\":\"Organization\",\"@id\":\"https:\/\/www.centroformazione.net\/it\/#organization\",\"name\":\"Centro Formazione\",\"url\":\"https:\/\/www.centroformazione.net\/it\/\",\"logo\":{\"@type\":\"ImageObject\",\"inLanguage\":\"it-IT\",\"@id\":\"https:\/\/www.centroformazione.net\/it\/#\/schema\/logo\/image\/\",\"url\":\"https:\/\/www.centroformazione.net\/it\/wp-content\/uploads\/2025\/01\/Logo-CF-Rettangolare.png\",\"contentUrl\":\"https:\/\/www.centroformazione.net\/it\/wp-content\/uploads\/2025\/01\/Logo-CF-Rettangolare.png\",\"width\":500,\"height\":130,\"caption\":\"Centro Formazione\"},\"image\":{\"@id\":\"https:\/\/www.centroformazione.net\/it\/#\/schema\/logo\/image\/\"}}]}<\/script>\n<!-- \/ Yoast SEO plugin. -->","yoast_head_json":{"title":"Protocollo di regolamentazione delle misure per il contrasto e il contenimento della diffusione del virus Covid-19 negli ambienti dedicati alla formazione professionale - Centro Formazione","robots":{"index":"index","follow":"follow","max-snippet":"max-snippet:-1","max-image-preview":"max-image-preview:large","max-video-preview":"max-video-preview:-1"},"canonical":"https:\/\/www.centroformazione.net\/it\/protocollo-di-regolamentazione-delle-misure-per-il-contrasto-e-il-contenimento-della-diffusione-del-virus-covid-19-negli-ambienti-dedicati-alla-formazione-professionale\/","og_locale":"it_IT","og_type":"article","og_title":"Protocollo di regolamentazione delle misure per il contrasto e il contenimento della diffusione del virus Covid-19 negli ambienti dedicati alla formazione professionale - Centro Formazione","og_url":"https:\/\/www.centroformazione.net\/it\/protocollo-di-regolamentazione-delle-misure-per-il-contrasto-e-il-contenimento-della-diffusione-del-virus-covid-19-negli-ambienti-dedicati-alla-formazione-professionale\/","og_site_name":"Centro Formazione","article_modified_time":"2021-09-13T11:05:10+00:00","twitter_card":"summary_large_image","twitter_misc":{"Tempo di lettura stimato":"7 minuti"},"schema":{"@context":"https:\/\/schema.org","@graph":[{"@type":"WebPage","@id":"https:\/\/www.centroformazione.net\/it\/protocollo-di-regolamentazione-delle-misure-per-il-contrasto-e-il-contenimento-della-diffusione-del-virus-covid-19-negli-ambienti-dedicati-alla-formazione-professionale\/","url":"https:\/\/www.centroformazione.net\/it\/protocollo-di-regolamentazione-delle-misure-per-il-contrasto-e-il-contenimento-della-diffusione-del-virus-covid-19-negli-ambienti-dedicati-alla-formazione-professionale\/","name":"Protocollo di regolamentazione delle misure per il contrasto e il contenimento della diffusione del virus Covid-19 negli ambienti dedicati alla formazione professionale - Centro Formazione","isPartOf":{"@id":"https:\/\/www.centroformazione.net\/it\/#website"},"datePublished":"2020-10-02T09:39:33+00:00","dateModified":"2021-09-13T11:05:10+00:00","breadcrumb":{"@id":"https:\/\/www.centroformazione.net\/it\/protocollo-di-regolamentazione-delle-misure-per-il-contrasto-e-il-contenimento-della-diffusione-del-virus-covid-19-negli-ambienti-dedicati-alla-formazione-professionale\/#breadcrumb"},"inLanguage":"it-IT","potentialAction":[{"@type":"ReadAction","target":["https:\/\/www.centroformazione.net\/it\/protocollo-di-regolamentazione-delle-misure-per-il-contrasto-e-il-contenimento-della-diffusione-del-virus-covid-19-negli-ambienti-dedicati-alla-formazione-professionale\/"]}]},{"@type":"BreadcrumbList","@id":"https:\/\/www.centroformazione.net\/it\/protocollo-di-regolamentazione-delle-misure-per-il-contrasto-e-il-contenimento-della-diffusione-del-virus-covid-19-negli-ambienti-dedicati-alla-formazione-professionale\/#breadcrumb","itemListElement":[{"@type":"ListItem","position":1,"name":"Home","item":"https:\/\/www.centroformazione.net\/it\/"},{"@type":"ListItem","position":2,"name":"Protocollo di regolamentazione delle misure per il contrasto e il contenimento della diffusione del virus Covid-19 negli ambienti dedicati alla formazione professionale"}]},{"@type":"WebSite","@id":"https:\/\/www.centroformazione.net\/it\/#website","url":"https:\/\/www.centroformazione.net\/it\/","name":"Centro Formazione","description":"Il sito di Centro di Formazione STS dedicato alla FAD","publisher":{"@id":"https:\/\/www.centroformazione.net\/it\/#organization"},"potentialAction":[{"@type":"SearchAction","target":{"@type":"EntryPoint","urlTemplate":"https:\/\/www.centroformazione.net\/it\/?s={search_term_string}"},"query-input":{"@type":"PropertyValueSpecification","valueRequired":true,"valueName":"search_term_string"}}],"inLanguage":"it-IT"},{"@type":"Organization","@id":"https:\/\/www.centroformazione.net\/it\/#organization","name":"Centro Formazione","url":"https:\/\/www.centroformazione.net\/it\/","logo":{"@type":"ImageObject","inLanguage":"it-IT","@id":"https:\/\/www.centroformazione.net\/it\/#\/schema\/logo\/image\/","url":"https:\/\/www.centroformazione.net\/it\/wp-content\/uploads\/2025\/01\/Logo-CF-Rettangolare.png","contentUrl":"https:\/\/www.centroformazione.net\/it\/wp-content\/uploads\/2025\/01\/Logo-CF-Rettangolare.png","width":500,"height":130,"caption":"Centro Formazione"},"image":{"@id":"https:\/\/www.centroformazione.net\/it\/#\/schema\/logo\/image\/"}}]}},"_links":{"self":[{"href":"https:\/\/www.centroformazione.net\/it\/wp-json\/wp\/v2\/pages\/1277","targetHints":{"allow":["GET"]}}],"collection":[{"href":"https:\/\/www.centroformazione.net\/it\/wp-json\/wp\/v2\/pages"}],"about":[{"href":"https:\/\/www.centroformazione.net\/it\/wp-json\/wp\/v2\/types\/page"}],"author":[{"embeddable":true,"href":"https:\/\/www.centroformazione.net\/it\/wp-json\/wp\/v2\/users\/1"}],"replies":[{"embeddable":true,"href":"https:\/\/www.centroformazione.net\/it\/wp-json\/wp\/v2\/comments?post=1277"}],"version-history":[{"count":16,"href":"https:\/\/www.centroformazione.net\/it\/wp-json\/wp\/v2\/pages\/1277\/revisions"}],"predecessor-version":[{"id":2935,"href":"https:\/\/www.centroformazione.net\/it\/wp-json\/wp\/v2\/pages\/1277\/revisions\/2935"}],"wp:attachment":[{"href":"https:\/\/www.centroformazione.net\/it\/wp-json\/wp\/v2\/media?parent=1277"}],"curies":[{"name":"wp","href":"https:\/\/api.w.org\/{rel}","templated":true}]}}