{"id":6315,"date":"2024-03-01T11:18:51","date_gmt":"2024-03-01T10:18:51","guid":{"rendered":"https:\/\/www.centroformazione.net\/it\/?page_id=6315"},"modified":"2024-03-20T13:02:32","modified_gmt":"2024-03-20T12:02:32","slug":"corso-base-di-specializzazione-in-materia-di-prevenzione-incendi-professionisti-antincendio-dal-19-04-2024","status":"publish","type":"page","link":"https:\/\/www.centroformazione.net\/it\/corso-base-di-specializzazione-in-materia-di-prevenzione-incendi-professionisti-antincendio-dal-19-04-2024\/","title":{"rendered":"CORSO BASE DI SPECIALIZZAZIONE IN MATERIA DI PREVENZIONE INCENDI &#8211; PROFESSIONISTI ANTINCENDIO &#8211; DAL 19\/04\/2024"},"content":{"rendered":"<p><div class=\"fusion-fullwidth fullwidth-box fusion-builder-row-1 nonhundred-percent-fullwidth non-hundred-percent-height-scrolling\" style=\"--awb-border-radius-top-left:0px;--awb-border-radius-top-right:0px;--awb-border-radius-bottom-right:0px;--awb-border-radius-bottom-left:0px;--awb-flex-wrap:wrap;\" ><div class=\"fusion-builder-row fusion-row\"><div class=\"fusion-layout-column fusion_builder_column fusion-builder-column-0 fusion_builder_column_1_1 1_1 fusion-one-full fusion-column-first fusion-column-last\" style=\"--awb-bg-size:cover;\"><div class=\"fusion-column-wrapper fusion-column-has-shadow fusion-flex-column-wrapper-legacy\"><div class=\"fusion-text fusion-text-1\"><h2 style=\"text-align: center;\"><strong><span style=\"color: #ff0000;\">CORSO BASE DI SPECIALIZZAZIONE IN MATERIA DI PREVENZIONE INCENDI<\/span><\/strong><br \/>\n<span style=\"color: #ff0000;\"><strong>DELLA DURATA DI 120 ORE<\/strong><\/span><\/h2>\n<\/div><div class=\"fusion-text fusion-text-2\" style=\"--awb-text-font-family:&quot;Open Sans&quot;;--awb-text-font-style:normal;--awb-text-font-weight:400;\"><h3 style=\"text-align: center;\"><em>in Diretta Streaming dal 19 aprile al 28 giugno 2024 dalle ore 14:00 alle ore 18:00<br \/>\nIncontro di introduzione al corso: 10 aprile 2024<\/em><\/h3>\n<\/div><div class=\"fusion-clearfix\"><\/div><\/div><\/div><\/div><\/div><div class=\"fusion-fullwidth fullwidth-box fusion-builder-row-2 fusion-flex-container nonhundred-percent-fullwidth non-hundred-percent-height-scrolling\" style=\"--awb-border-radius-top-left:0px;--awb-border-radius-top-right:0px;--awb-border-radius-bottom-right:0px;--awb-border-radius-bottom-left:0px;--awb-flex-wrap:wrap;\" ><div class=\"fusion-builder-row fusion-row fusion-flex-align-items-flex-start fusion-flex-content-wrap\" style=\"max-width:1144px;margin-left: calc(-4% \/ 2 );margin-right: calc(-4% \/ 2 );\"><div class=\"fusion-layout-column fusion_builder_column fusion-builder-column-1 fusion_builder_column_1_1 1_1 fusion-flex-column\" style=\"--awb-bg-size:cover;--awb-width-large:100%;--awb-margin-top-large:0px;--awb-spacing-right-large:1.92%;--awb-margin-bottom-large:20px;--awb-spacing-left-large:1.92%;--awb-width-medium:100%;--awb-order-medium:0;--awb-spacing-right-medium:1.92%;--awb-spacing-left-medium:1.92%;--awb-width-small:100%;--awb-order-small:0;--awb-spacing-right-small:1.92%;--awb-spacing-left-small:1.92%;\"><div class=\"fusion-column-wrapper fusion-column-has-shadow fusion-flex-justify-content-flex-start fusion-content-layout-column\"><div class=\"fusion-text fusion-text-3\" style=\"--awb-text-font-family:&quot;Open Sans&quot;;--awb-text-font-style:normal;--awb-text-font-weight:400;\"><h3 style=\"text-align: center;\"><em>I corsi sono realizzati in collaborazione con:<\/em><\/h3>\n<\/div><div class=\"accordian fusion-accordian\" style=\"--awb-border-size:1px;--awb-icon-size:13px;--awb-content-font-size:16px;--awb-icon-alignment:left;--awb-hover-color:#8bc34a;--awb-border-color:#cccccc;--awb-background-color:#ffffff;--awb-divider-color:#e0dede;--awb-divider-hover-color:#e0dede;--awb-icon-color:#ffffff;--awb-title-color:#333333;--awb-content-color:#747474;--awb-icon-box-color:#333333;--awb-toggle-hover-accent-color:#a0ce4e;--awb-title-font-family:&quot;PT Sans&quot;;--awb-title-font-weight:400;--awb-title-font-style:normal;--awb-title-font-size:12px;--awb-title-line-height:1.5;--awb-content-font-family:&quot;PT Sans&quot;;--awb-content-font-style:normal;--awb-content-font-weight:400;\"><div class=\"panel-group fusion-toggle-icon-boxed\" id=\"accordion-6315-1\"><div class=\"fusion-panel panel-default panel-8ccfcfecefffa47a5 fusion-toggle-has-divider\"><div class=\"panel-heading\"><h4 class=\"panel-title toggle\" id=\"toggle_8ccfcfecefffa47a5\"><a aria-expanded=\"false\" aria-controls=\"8ccfcfecefffa47a5\" role=\"button\" data-toggle=\"collapse\" data-parent=\"#accordion-6315-1\" data-target=\"#8ccfcfecefffa47a5\" href=\"#8ccfcfecefffa47a5\"><span class=\"fusion-toggle-icon-wrapper\" aria-hidden=\"true\"><i class=\"fa-fusion-box active-icon awb-icon-minus\" aria-hidden=\"true\"><\/i><i class=\"fa-fusion-box inactive-icon awb-icon-plus\" aria-hidden=\"true\"><\/i><\/span><span class=\"fusion-toggle-heading\">Ordini organizzatori e co-organizzatori<\/span><\/a><\/h4><\/div><div id=\"8ccfcfecefffa47a5\" class=\"panel-collapse collapse \" aria-labelledby=\"toggle_8ccfcfecefffa47a5\"><div class=\"panel-body toggle-content fusion-clearfix\">\n<ul>\n<li>Ordine Ingegneri Arezzo<\/li>\n<li>Ordine Ingegneri Bergamo<\/li>\n<li>Ordine Ingegneri Bologna<\/li>\n<li>Ordine Ingegneri Bolzano<\/li>\n<li>Ordine Ingegneri Chieti<\/li>\n<li>Ordine Ingegneri Firenze<\/li>\n<li>Ordine Ingegneri Foggia<\/li>\n<li>Ordine Ingegneri Genova<\/li>\n<li>Ordine Ingegneri L&#8217;Aquila<\/li>\n<li>Ordine Ingegneri Lodi<\/li>\n<li>Ordine Ingegneri Lucca<\/li>\n<li>Ordine Ingegneri Macerata<\/li>\n<li>Ordine Ingegneri Modena<\/li>\n<li>Ordine Ingegneri Novara<\/li>\n<li>Ordine degli Ingegneri di Padova (ordine capofila)<\/li>\n<li>Ordine Ingegneri Parma<\/li>\n<li>Ordine Ingegneri Pisa<\/li>\n<li>Ordine Ingegneri Pistoia<\/li>\n<li>Ordine Ingegneri Pordenone<\/li>\n<li>Ordine Ingegneri Trieste<\/li>\n<li>Ordine Ingegneri Verona<\/li>\n<\/ul>\n<\/div><\/div><\/div><\/div><\/div><\/div><\/div><\/div><\/div><div id=\"percorso\" class=\"fusion-container-anchor\"><div class=\"fusion-fullwidth fullwidth-box fusion-builder-row-3 fusion-flex-container nonhundred-percent-fullwidth non-hundred-percent-height-scrolling\" style=\"--awb-border-sizes-top:2px;--awb-border-sizes-bottom:2px;--awb-border-sizes-left:2px;--awb-border-sizes-right:2px;--awb-border-color:#e53b32;--awb-border-radius-top-left:0px;--awb-border-radius-top-right:0px;--awb-border-radius-bottom-right:0px;--awb-border-radius-bottom-left:0px;--awb-flex-wrap:wrap;\" ><div class=\"fusion-builder-row fusion-row fusion-flex-align-items-flex-start fusion-flex-content-wrap\" style=\"max-width:1144px;margin-left: calc(-4% \/ 2 );margin-right: calc(-4% \/ 2 );\"><div class=\"fusion-layout-column fusion_builder_column fusion-builder-column-2 fusion_builder_column_1_1 1_1 fusion-flex-column\" style=\"--awb-padding-right:2%;--awb-padding-left:2%;--awb-bg-size:cover;--awb-width-large:100%;--awb-margin-top-large:0px;--awb-spacing-right-large:1.92%;--awb-margin-bottom-large:20px;--awb-spacing-left-large:1.92%;--awb-width-medium:100%;--awb-order-medium:0;--awb-spacing-right-medium:1.92%;--awb-spacing-left-medium:1.92%;--awb-width-small:100%;--awb-order-small:0;--awb-spacing-right-small:1.92%;--awb-spacing-left-small:1.92%;\"><div class=\"fusion-column-wrapper fusion-column-has-shadow fusion-flex-justify-content-flex-start fusion-content-layout-column\"><div class=\"fusion-separator fusion-full-width-sep\" style=\"align-self: center;margin-left: auto;margin-right: auto;margin-top:40px;width:100%;\"><\/div><div style=\"text-align:center;\"><a class=\"fusion-button button-flat fusion-button-default-size button-custom fusion-button-default button-1 fusion-button-default-span fusion-button-default-type\" style=\"--button_accent_color:#ffffff;--button_accent_hover_color:#ffffff;--button_border_hover_color:#07dd00;--button_border_width-top:1px;--button_border_width-right:1px;--button_border_width-bottom:1px;--button_border_width-left:1px;--button-border-radius-top-left:0px;--button-border-radius-top-right:0px;--button-border-radius-bottom-right:0px;--button-border-radius-bottom-left:0px;--button_gradient_top_color:#f41000;--button_gradient_bottom_color:#f41000;--button_gradient_top_color_hover:#07dd00;--button_gradient_bottom_color_hover:#07dd00;\" target=\"_self\" href=\"https:\/\/www.centrodiformazionests.it\/corsi\/corso-base-di-specializzazione-in-materia-di-prevenzione-incendi_preadesioni\"><span class=\"fusion-button-text\">Iscrizione al Corso<\/span><\/a><\/div><div class=\"fusion-separator fusion-full-width-sep\" style=\"align-self: center;margin-left: auto;margin-right: auto;margin-top:40px;width:100%;\"><\/div><div class=\"fusion-text fusion-text-4\" style=\"--awb-text-transform:none;\"><p>Guarda il video che illustra le opportunit\u00e0 di lavoro e\u00a0i modi in cui ottenere la qualifica di\u00a0<span style=\"color: #ff0000;\"><a style=\"color: #ff0000;\" href=\"https:\/\/youtu.be\/30R4vvjxWvQ\"><strong>PROFESSIONISTA ANTINCENDIO<\/strong><\/a>.<\/span><\/p>\n<p><strong>Modalit\u00e0 di svolgimento<\/strong><\/p>\n<p>Il corso si terr\u00e0 <strong>dal 19 aprile al 28 giugno 2024<\/strong>. Le lezioni si svolgeranno<strong>\u00a0il luned\u00ec, mercoled\u00ec e venerd\u00ec dalle 14.00 alle 18.00<\/strong>.<\/p>\n<p><strong>Mercoled\u00ec 10 aprile 2024<\/strong>\u00a0(orario 15.00 \u2013 16.00) si terr\u00e0 l\u2019incontro di introduzione al corso durante il quale saranno illustrati il programma e le modalit\u00e0 di partecipazione in diretta streaming.<\/p>\n<p>Il corso \u00e8 in fase di autorizzazione dalla Direzione Interregionale dei Vigili del Fuoco e dal Ministero dell\u2019Interno in Diretta Streaming (videoconferenza).<\/p>\n<p>Le <strong>esercitazioni pratiche del 24 maggio 2024<\/strong> (orario 9 \u2013 13 \/ 14 \u2013 18) potranno essere frequentate in <strong>aula<\/strong> (modalit\u00e0 consigliata) oppure in <strong>diretta streaming<\/strong>.<\/p>\n<p>La <strong>visita guidata all\u2019attivit\u00e0 soggetta del 28 giugno 2024<\/strong> (orario 14 \u2013 18) e l\u2019<strong>esame finale<\/strong> saranno <strong>esclusivamente in modalit\u00e0 frontale<\/strong> (in aula).<\/p>\n<p><strong>Requisiti tecnici per la partecipazione<\/strong><br \/>\nPer la partecipazione al corso \u00e8 richiesto che ciascun partecipante sia fornito di:<br \/>\n\u2022 buona connessione internet, preferibilmente via cavo (per una maggior stabilit\u00e0 della visualizzazione)<br \/>\n\u2022 webcam, che andr\u00e0 mantenuta attiva durante tutto il corso dei singoli incontri<br \/>\n\u2022 sistema audio (casse, anche integrate, o cuffie)<\/p>\n<p><strong>Descrizione<\/strong><br \/>\nIl corso di 120 ore \u00e8 un requisito per i professionisti iscritti ad Albi professionali per l&#8217;iscrizione negli elenchi dei Professionisti Antincendio del Ministero dell&#8217;Interno (D. Lgs.139\/06).<\/p>\n<p><strong>Durata del corso<\/strong><br \/>\nIl corso ha durata di 120 ore + verifica di apprendimento al termine del corso. Come previsto dalla normativa, il corso prevede 100 ore di didattica frontale, 16 ore di esercitazioni\u00a0e 4 ore di visita tecnica guidata presso una sede soggetta ai controlli di prevenzione antincendi.<\/p>\n<p><strong>Programma<\/strong><br \/>\nIl corso\u00a0\u00e8 suddiviso in 10\u00a0moduli formativi, in conformit\u00e0 alla Circolare DCPREV prot. 15480 del 16\/10\/19.\u00a0Sono inoltre previste\u00a0verifiche intermedie a carattere didattico e non valutativo ed una lezione di riepilogo\/ripasso in preparazione all\u2019esame finale.<\/p>\n<p><strong>Destinatari<\/strong><br \/>\nIl corso, finalizzato all&#8217;iscrizione negli elenchi ministeriali dei professionisti antincendio, \u00e8 destinato agli iscritti negli albi professionali degli ingegneri, degli architetti-pianificatori-paesaggisti e conservatori, dei chimici, dei dottori agronomi e dottori forestali, dei geometri e dei geometri laureati, dei periti industriali e periti industriali laureati, degli agrotecnici ed agrotecnici laureati, dei periti agrari e periti agrari laureati, indipendentemente dalla provincia di iscrizione all&#8217;Albo.\u00a0Per gli iscritti all\u2019albo degli Architetti: la partecipazione \u00e8 consentita solo per Architetti e Architetti Iunior.<\/p>\n<p><strong>Frequenza ed esame finale<\/strong><br \/>\nSono ammessi a sostenere l\u2019esame finale i discenti che abbiano frequentato il 90% delle ore. I tempi di connessione alla diretta streaming sono tracciati per ogni partecipante.<\/p>\n<p>Le modalit\u00e0 dell\u2019esame sono riportate nella Circolare ministeriale dei VV.F. prot. 7312\/2012.<\/p>\n<p><strong>Crediti Formativi Professionali<\/strong><br \/>\nSono riconosciuti i CFP per Ingegneri, Architetti e Geometri secondo quanto indicato nella <span style=\"color: #0000ff;\"><a style=\"color: #0000ff;\" href=\"https:\/\/www.centrodiformazionests.it\/corsi\/corso-base-di-specializzazione-in-materia-di-prevenzione-incendi_preadesioni\"><strong>pagina dedicata<\/strong><\/a><\/span>.<\/p>\n<p>Per qualsiasi ulteriore informazione, contattare la Segreteria organizzativa (<a href=\"mailto:info@centrodiformazionests.it\">info@centrodiformazionests.it<\/a>, 049-8809842)<\/p>\n<\/div><div style=\"text-align:center;\"><a class=\"fusion-button button-flat fusion-button-default-size button-custom fusion-button-default button-2 fusion-button-default-span fusion-button-default-type\" style=\"--button_accent_color:#ffffff;--button_accent_hover_color:#ffffff;--button_border_hover_color:#07dd00;--button_gradient_top_color:#f41000;--button_gradient_bottom_color:#f41000;--button_gradient_top_color_hover:#07dd00;--button_gradient_bottom_color_hover:#07dd00;\" target=\"_self\" href=\"https:\/\/www.centrodiformazionests.it\/corsi\/corso-base-di-specializzazione-in-materia-di-prevenzione-incendi_preadesioni\"><span class=\"fusion-button-text\">Iscrizione al Corso<\/span><\/a><\/div><\/div><\/div><div class=\"fusion-layout-column fusion_builder_column fusion-builder-column-3 fusion_builder_column_1_1 1_1 fusion-flex-column\" style=\"--awb-bg-size:cover;--awb-width-large:100%;--awb-margin-top-large:0px;--awb-spacing-right-large:1.92%;--awb-margin-bottom-large:20px;--awb-spacing-left-large:1.92%;--awb-width-medium:100%;--awb-order-medium:0;--awb-spacing-right-medium:1.92%;--awb-spacing-left-medium:1.92%;--awb-width-small:100%;--awb-order-small:0;--awb-spacing-right-small:1.92%;--awb-spacing-left-small:1.92%;\"><div class=\"fusion-column-wrapper fusion-column-has-shadow fusion-flex-justify-content-flex-start fusion-content-layout-column\"><\/div><\/div><\/div><\/div><\/div><\/p>\n","protected":false},"excerpt":{"rendered":"","protected":false},"author":1,"featured_media":0,"parent":0,"menu_order":0,"comment_status":"closed","ping_status":"closed","template":"","meta":{"footnotes":""},"class_list":["post-6315","page","type-page","status-publish","hentry"],"yoast_head":"<!-- This site is optimized with the Yoast SEO plugin v24.2 - https:\/\/yoast.com\/wordpress\/plugins\/seo\/ -->\n<title>CORSO BASE DI SPECIALIZZAZIONE IN MATERIA DI PREVENZIONE INCENDI - PROFESSIONISTI ANTINCENDIO - DAL 19\/04\/2024 - Centro Formazione<\/title>\n<meta name=\"robots\" content=\"index, follow, max-snippet:-1, max-image-preview:large, max-video-preview:-1\" \/>\n<link rel=\"canonical\" href=\"https:\/\/www.centroformazione.net\/it\/corso-base-di-specializzazione-in-materia-di-prevenzione-incendi-professionisti-antincendio-dal-19-04-2024\/\" \/>\n<meta property=\"og:locale\" content=\"it_IT\" \/>\n<meta property=\"og:type\" content=\"article\" \/>\n<meta property=\"og:title\" content=\"CORSO BASE DI SPECIALIZZAZIONE IN MATERIA DI PREVENZIONE INCENDI - PROFESSIONISTI ANTINCENDIO - DAL 19\/04\/2024 - Centro Formazione\" \/>\n<meta property=\"og:url\" content=\"https:\/\/www.centroformazione.net\/it\/corso-base-di-specializzazione-in-materia-di-prevenzione-incendi-professionisti-antincendio-dal-19-04-2024\/\" \/>\n<meta property=\"og:site_name\" content=\"Centro Formazione\" \/>\n<meta property=\"article:modified_time\" content=\"2024-03-20T12:02:32+00:00\" \/>\n<meta name=\"twitter:card\" content=\"summary_large_image\" \/>\n<meta name=\"twitter:label1\" content=\"Tempo di lettura stimato\" \/>\n\t<meta name=\"twitter:data1\" content=\"9 minuti\" \/>\n<script type=\"application\/ld+json\" class=\"yoast-schema-graph\">{\"@context\":\"https:\/\/schema.org\",\"@graph\":[{\"@type\":\"WebPage\",\"@id\":\"https:\/\/www.centroformazione.net\/it\/corso-base-di-specializzazione-in-materia-di-prevenzione-incendi-professionisti-antincendio-dal-19-04-2024\/\",\"url\":\"https:\/\/www.centroformazione.net\/it\/corso-base-di-specializzazione-in-materia-di-prevenzione-incendi-professionisti-antincendio-dal-19-04-2024\/\",\"name\":\"CORSO BASE DI SPECIALIZZAZIONE IN MATERIA DI PREVENZIONE INCENDI - PROFESSIONISTI ANTINCENDIO - DAL 19\/04\/2024 - Centro Formazione\",\"isPartOf\":{\"@id\":\"https:\/\/www.centroformazione.net\/it\/#website\"},\"datePublished\":\"2024-03-01T10:18:51+00:00\",\"dateModified\":\"2024-03-20T12:02:32+00:00\",\"breadcrumb\":{\"@id\":\"https:\/\/www.centroformazione.net\/it\/corso-base-di-specializzazione-in-materia-di-prevenzione-incendi-professionisti-antincendio-dal-19-04-2024\/#breadcrumb\"},\"inLanguage\":\"it-IT\",\"potentialAction\":[{\"@type\":\"ReadAction\",\"target\":[\"https:\/\/www.centroformazione.net\/it\/corso-base-di-specializzazione-in-materia-di-prevenzione-incendi-professionisti-antincendio-dal-19-04-2024\/\"]}]},{\"@type\":\"BreadcrumbList\",\"@id\":\"https:\/\/www.centroformazione.net\/it\/corso-base-di-specializzazione-in-materia-di-prevenzione-incendi-professionisti-antincendio-dal-19-04-2024\/#breadcrumb\",\"itemListElement\":[{\"@type\":\"ListItem\",\"position\":1,\"name\":\"Home\",\"item\":\"https:\/\/www.centroformazione.net\/it\/\"},{\"@type\":\"ListItem\",\"position\":2,\"name\":\"CORSO BASE DI SPECIALIZZAZIONE IN MATERIA DI PREVENZIONE INCENDI &#8211; PROFESSIONISTI ANTINCENDIO &#8211; DAL 19\/04\/2024\"}]},{\"@type\":\"WebSite\",\"@id\":\"https:\/\/www.centroformazione.net\/it\/#website\",\"url\":\"https:\/\/www.centroformazione.net\/it\/\",\"name\":\"Centro Formazione\",\"description\":\"Il sito di Centro di Formazione STS dedicato alla FAD\",\"publisher\":{\"@id\":\"https:\/\/www.centroformazione.net\/it\/#organization\"},\"potentialAction\":[{\"@type\":\"SearchAction\",\"target\":{\"@type\":\"EntryPoint\",\"urlTemplate\":\"https:\/\/www.centroformazione.net\/it\/?s={search_term_string}\"},\"query-input\":{\"@type\":\"PropertyValueSpecification\",\"valueRequired\":true,\"valueName\":\"search_term_string\"}}],\"inLanguage\":\"it-IT\"},{\"@type\":\"Organization\",\"@id\":\"https:\/\/www.centroformazione.net\/it\/#organization\",\"name\":\"Centro Formazione\",\"url\":\"https:\/\/www.centroformazione.net\/it\/\",\"logo\":{\"@type\":\"ImageObject\",\"inLanguage\":\"it-IT\",\"@id\":\"https:\/\/www.centroformazione.net\/it\/#\/schema\/logo\/image\/\",\"url\":\"https:\/\/www.centroformazione.net\/it\/wp-content\/uploads\/2025\/01\/Logo-CF-Rettangolare.png\",\"contentUrl\":\"https:\/\/www.centroformazione.net\/it\/wp-content\/uploads\/2025\/01\/Logo-CF-Rettangolare.png\",\"width\":500,\"height\":130,\"caption\":\"Centro Formazione\"},\"image\":{\"@id\":\"https:\/\/www.centroformazione.net\/it\/#\/schema\/logo\/image\/\"}}]}<\/script>\n<!-- \/ Yoast SEO plugin. -->","yoast_head_json":{"title":"CORSO BASE DI SPECIALIZZAZIONE IN MATERIA DI PREVENZIONE INCENDI - PROFESSIONISTI ANTINCENDIO - DAL 19\/04\/2024 - Centro Formazione","robots":{"index":"index","follow":"follow","max-snippet":"max-snippet:-1","max-image-preview":"max-image-preview:large","max-video-preview":"max-video-preview:-1"},"canonical":"https:\/\/www.centroformazione.net\/it\/corso-base-di-specializzazione-in-materia-di-prevenzione-incendi-professionisti-antincendio-dal-19-04-2024\/","og_locale":"it_IT","og_type":"article","og_title":"CORSO BASE DI SPECIALIZZAZIONE IN MATERIA DI PREVENZIONE INCENDI - PROFESSIONISTI ANTINCENDIO - DAL 19\/04\/2024 - Centro Formazione","og_url":"https:\/\/www.centroformazione.net\/it\/corso-base-di-specializzazione-in-materia-di-prevenzione-incendi-professionisti-antincendio-dal-19-04-2024\/","og_site_name":"Centro Formazione","article_modified_time":"2024-03-20T12:02:32+00:00","twitter_card":"summary_large_image","twitter_misc":{"Tempo di lettura stimato":"9 minuti"},"schema":{"@context":"https:\/\/schema.org","@graph":[{"@type":"WebPage","@id":"https:\/\/www.centroformazione.net\/it\/corso-base-di-specializzazione-in-materia-di-prevenzione-incendi-professionisti-antincendio-dal-19-04-2024\/","url":"https:\/\/www.centroformazione.net\/it\/corso-base-di-specializzazione-in-materia-di-prevenzione-incendi-professionisti-antincendio-dal-19-04-2024\/","name":"CORSO BASE DI SPECIALIZZAZIONE IN MATERIA DI PREVENZIONE INCENDI - PROFESSIONISTI ANTINCENDIO - DAL 19\/04\/2024 - Centro Formazione","isPartOf":{"@id":"https:\/\/www.centroformazione.net\/it\/#website"},"datePublished":"2024-03-01T10:18:51+00:00","dateModified":"2024-03-20T12:02:32+00:00","breadcrumb":{"@id":"https:\/\/www.centroformazione.net\/it\/corso-base-di-specializzazione-in-materia-di-prevenzione-incendi-professionisti-antincendio-dal-19-04-2024\/#breadcrumb"},"inLanguage":"it-IT","potentialAction":[{"@type":"ReadAction","target":["https:\/\/www.centroformazione.net\/it\/corso-base-di-specializzazione-in-materia-di-prevenzione-incendi-professionisti-antincendio-dal-19-04-2024\/"]}]},{"@type":"BreadcrumbList","@id":"https:\/\/www.centroformazione.net\/it\/corso-base-di-specializzazione-in-materia-di-prevenzione-incendi-professionisti-antincendio-dal-19-04-2024\/#breadcrumb","itemListElement":[{"@type":"ListItem","position":1,"name":"Home","item":"https:\/\/www.centroformazione.net\/it\/"},{"@type":"ListItem","position":2,"name":"CORSO BASE DI SPECIALIZZAZIONE IN MATERIA DI PREVENZIONE INCENDI &#8211; PROFESSIONISTI ANTINCENDIO &#8211; DAL 19\/04\/2024"}]},{"@type":"WebSite","@id":"https:\/\/www.centroformazione.net\/it\/#website","url":"https:\/\/www.centroformazione.net\/it\/","name":"Centro Formazione","description":"Il sito di Centro di Formazione STS dedicato alla FAD","publisher":{"@id":"https:\/\/www.centroformazione.net\/it\/#organization"},"potentialAction":[{"@type":"SearchAction","target":{"@type":"EntryPoint","urlTemplate":"https:\/\/www.centroformazione.net\/it\/?s={search_term_string}"},"query-input":{"@type":"PropertyValueSpecification","valueRequired":true,"valueName":"search_term_string"}}],"inLanguage":"it-IT"},{"@type":"Organization","@id":"https:\/\/www.centroformazione.net\/it\/#organization","name":"Centro Formazione","url":"https:\/\/www.centroformazione.net\/it\/","logo":{"@type":"ImageObject","inLanguage":"it-IT","@id":"https:\/\/www.centroformazione.net\/it\/#\/schema\/logo\/image\/","url":"https:\/\/www.centroformazione.net\/it\/wp-content\/uploads\/2025\/01\/Logo-CF-Rettangolare.png","contentUrl":"https:\/\/www.centroformazione.net\/it\/wp-content\/uploads\/2025\/01\/Logo-CF-Rettangolare.png","width":500,"height":130,"caption":"Centro Formazione"},"image":{"@id":"https:\/\/www.centroformazione.net\/it\/#\/schema\/logo\/image\/"}}]}},"_links":{"self":[{"href":"https:\/\/www.centroformazione.net\/it\/wp-json\/wp\/v2\/pages\/6315","targetHints":{"allow":["GET"]}}],"collection":[{"href":"https:\/\/www.centroformazione.net\/it\/wp-json\/wp\/v2\/pages"}],"about":[{"href":"https:\/\/www.centroformazione.net\/it\/wp-json\/wp\/v2\/types\/page"}],"author":[{"embeddable":true,"href":"https:\/\/www.centroformazione.net\/it\/wp-json\/wp\/v2\/users\/1"}],"replies":[{"embeddable":true,"href":"https:\/\/www.centroformazione.net\/it\/wp-json\/wp\/v2\/comments?post=6315"}],"version-history":[{"count":9,"href":"https:\/\/www.centroformazione.net\/it\/wp-json\/wp\/v2\/pages\/6315\/revisions"}],"predecessor-version":[{"id":6421,"href":"https:\/\/www.centroformazione.net\/it\/wp-json\/wp\/v2\/pages\/6315\/revisions\/6421"}],"wp:attachment":[{"href":"https:\/\/www.centroformazione.net\/it\/wp-json\/wp\/v2\/media?parent=6315"}],"curies":[{"name":"wp","href":"https:\/\/api.w.org\/{rel}","templated":true}]}}